{"id":3,"date":"2026-02-10T13:24:16","date_gmt":"2026-02-10T12:24:16","guid":{"rendered":"https:\/\/allargamenti.thebigband.it\/?page_id=3"},"modified":"2026-03-18T15:03:43","modified_gmt":"2026-03-18T14:03:43","slug":"privacy-policy","status":"publish","type":"page","link":"https:\/\/allargamenti.thebigband.it\/?page_id=3","title":{"rendered":"Privacy Policy"},"content":{"rendered":"\n<p>La vostra privacy \u00e8 molto importante per&nbsp;<em>Allarga.menti<\/em>&nbsp;e per tutelarvi al meglio vi forniamo queste note in cui troverete indicazioni sul tipo di informazioni raccolte online e sulle varie possibilit\u00e0 che avete di intervenire nella raccolta e nell\u2019utilizzo di tali informazioni nel sito.<\/p>\n\n\n\n<p>Si tratta di un\u2019informativa resa ai sensi dell\u2019art.13 del Regolamento UE n. 2016\/679 (c.d. \u201cGDPR\u201d) del Parlamento Europeo e del Consiglio del 27 aprile 2016 \u201crelativo alla protezione delle persone fisiche con riguardo al trattamento dei dati personali, nonch\u00e9 alla libera circolazione di tali dati e che abroga la direttiva 95\/46\/CE (regolamento generale sulla protezione dei dati)\u201d a coloro che interagiscono con i servizi web di&nbsp;<em>Allarga.menti<\/em>, accessibili per via telematica a partire dall\u2019indirizzo:&nbsp;<em>https:\/\/www.allargamenti.it<\/em>.<\/p>\n\n\n\n<p>L\u2019informativa \u00e8 resa solo per il sito di&nbsp;<em><em>Allarga<\/em><\/em>.<em>menti<\/em> e non anche per altri siti web eventualmente consultati dall\u2019utente tramite link.<\/p>\n\n\n\n<p>L\u2019informativa presenta altres\u00ec, quale riferimento normativo specifico, il provvedimento del Garante nazionale per la protezione dei dati personali n. 229 dell\u20198 maggio 2014 \u201cindividuazione delle modalit\u00e0 semplificate per l\u2019informativa e l\u2019acquisizione del consenso per l\u2019uso dei cookie \u2013 8 maggio 2014\u201d, come pubblicato sulla Gazzetta Ufficiale n. 126 del 3 giugno 2014 ed i relativi chiarimenti riportati al seguente link:<\/p>\n\n\n\n<p><a href=\"http:\/\/www.garanteprivacy.it\/web\/guest\/home\/docweb\/-\/docweb-display\/docweb\/4006878\">http:\/\/www.garanteprivacy.it\/web\/guest\/home\/docweb\/-\/docweb-display\/docweb\/4006878<\/a><\/p>\n\n\n\n<p>Scopo del provvedimento \u00e8 individuare alcuni requisiti minimi per la raccolta di dati personali on-line e, in particolare, le modalit\u00e0, i tempi e la natura delle informazioni che i titolari del trattamento devono fornire agli utenti quando questi si collegano alle pagine web, indipendentemente dagli scopi del collegamento.<\/p>\n\n\n\n<div style=\"height:25px\" aria-hidden=\"true\" class=\"wp-block-spacer\"><\/div>\n\n\n\n<p><strong><em>Il Titolare del trattamento<\/em><\/strong><\/p>\n\n\n\n<p>A seguito della consultazione di questo sito possono essere trattati dati relativi a persone identificate o identificabili. Il Titolare del trattamento dei dati \u00e8 l\u2019associazione&nbsp;<em>Allargopannonia,<\/em>&nbsp;contattabile attraverso comunicazione scritta agli indirizzi in calce ad ogni pagina del sito&nbsp;<em>https:\/\/www.allargamenti.it<\/em>.<\/p>\n\n\n\n<div style=\"height:25px\" aria-hidden=\"true\" class=\"wp-block-spacer\"><\/div>\n\n\n\n<p><strong><em>Tipi di dati trattati<\/em><\/strong><\/p>\n\n\n\n<p>I sistemi informatici e le procedure software preposte al funzionamento di questo sito web acquisiscono, nel corso del loro normale esercizio, alcuni dati personali la cui trasmissione \u00e8 implicita nell\u2019uso dei protocolli di comunicazione di Internet. Si tratta di informazioni che non sono raccolte per essere associate a interessati identificati, ma che per loro stessa natura potrebbero, attraverso elaborazioni ed associazioni con dati detenuti da terzi, permettere di identificare gli utenti.<\/p>\n\n\n\n<p>In questa categoria di dati rientrano gli indirizzi IP o i nomi a dominio dei computer utilizzati dagli utenti che si connettono al sito, gli indirizzi in notazione URI (c.d. \u201cUniform Resource Identifier\u201d) delle risorse richieste, l\u2019orario della richiesta, il metodo utilizzato nel sottoporre la richiesta al server, la dimensione del file ottenuto in risposta, il codice numerico indicante lo stato della risposta data dal server (buon fine, errore, ecc.) ed altri parametri relativi al sistema operativo e all\u2019ambiente informatico dell\u2019utente.<\/p>\n\n\n\n<p>Questi dati vengono utilizzati al solo fine di ricavare informazioni statistiche anonime sull\u2019uso del sito e per controllarne il corretto funzionamento. I dati potrebbero essere utilizzati per l\u2019accertamento di responsabilit\u00e0 in caso di ipotetici reati informatici ai danni del sito solo su richiesta degli organi di vigilanza preposti.<\/p>\n\n\n\n<p>L\u2019invio facoltativo, esplicito e volontario di posta elettronica agli indirizzi indicati su questo sito comporta la successiva acquisizione dell\u2019indirizzo del mittente, necessario per rispondere alle richieste, nonch\u00e9 degli eventuali altri dati personali inseriti nella missiva.<\/p>\n\n\n\n<div style=\"height:25px\" aria-hidden=\"true\" class=\"wp-block-spacer\"><\/div>\n\n\n\n<p><strong><em>Facoltativit\u00e0 del conferimento dei dati<\/em><\/strong><\/p>\n\n\n\n<p>A parte quanto specificato per i dati di navigazione, l\u2019utente \u00e8 libero di fornire i dati personali riportati nei moduli di richiesta a&nbsp;<em>Allarga.menti<\/em>&nbsp;o comunque indicati in contatti per sollecitare l\u2019invio di materiale informativo o di altre comunicazioni. Il loro mancato conferimento pu\u00f2 comportare l\u2019impossibilit\u00e0 di ottenere quanto richiesto.<\/p>\n\n\n\n<p><\/p>\n\n\n\n<div style=\"height:25px\" aria-hidden=\"true\" class=\"wp-block-spacer\"><\/div>\n\n\n\n<p><strong><em>Minorenni<\/em><\/strong><\/p>\n\n\n\n<p>In conformit\u00e0 a quanto all\u2019art. 8 del GDPR, nessuna persona di et\u00e0 inferiore ai 16 anni, senza previo consenso dei genitori o di chi ne fa le veci, potr\u00e0 inviare informazioni a questo sito Web, n\u00e9 tantomeno potr\u00e0 fare acquisti o perfezionare atti legali presso questo sito senza il suddetto consenso, a meno che ci\u00f2 non sia consentito dalle norme in vigore.<\/p>\n\n\n\n<div style=\"height:25px\" aria-hidden=\"true\" class=\"wp-block-spacer\"><\/div>\n\n\n\n<p><strong><em>Modalit\u00e0 del trattamento<\/em><\/strong><\/p>\n\n\n\n<p>I dati personali sono trattati con strumenti automatizzati per il tempo strettamente necessario a conseguire gli scopi per cui sono stati raccolti. Conformemente all\u2019art. 32 del GDPR, specifiche misure di sicurezza sono osservate per prevenire la perdita dei dati, usi illeciti o non corretti ed accessi non autorizzati.<\/p>\n\n\n\n<div style=\"height:25px\" aria-hidden=\"true\" class=\"wp-block-spacer\"><\/div>\n\n\n\n<p><strong><em>Diritti degli interessati<\/em><\/strong><\/p>\n\n\n\n<p>I soggetti cui si riferiscono i dati personali hanno il diritto in qualunque momento di ottenere la conferma dell\u2019esistenza o meno dei medesimi dati e di conoscerne il contenuto e l\u2019origine (rif. art.15, GDPR \u201cdiritto di accesso dell\u2019interessato\u201d), verificarne l\u2019esattezza o chiederne l\u2019integrazione o l\u2019aggiornamento, oppure la rettificazione (rif. art.16, GDPR \u201cdiritto di rettifica\u201d). Ai sensi del GDPR si ha inoltre il diritto di chiedere la cancellazione o la trasformazione in forma anonima (rif. art. 17 \u201cdiritto alla cancellazione\u201d) oppure la limitazione o il blocco (rif. art. 18 \u201cdiritto di limitazione di trattamento\u201d) dei dati trattati in violazione di legge, nonch\u00e9 di revocare (rif. art. 7, paragrafo 3 \u201ccondizioni per il consenso\u201d) o opporsi in ogni caso, per motivi legittimi, (rif. art. 21 \u201cdiritto di opposizione\u201d ed art. 77 \u201cdiritto di proporre reclamo all\u2019autorit\u00e0 di controllo\u201d) al loro trattamento.<\/p>\n\n\n\n<p>Chiunque dovesse avere dubbi riguardanti il rispetto della politica per la tutela della privacy adottata da&nbsp;<em>Allarga.menti<\/em>, la sua applicazione, l\u2019accuratezza dei propri dati personali o l\u2019utilizzo delle informazioni raccolte pu\u00f2 contattare il Titolare del trattamento attraverso comunicazione scritta agli indirizzi in calce ad ogni pagina del sito istituzionale&nbsp;<em>https:\/\/www.allargamenti.it<\/em>.<\/p>\n\n\n\n<div style=\"height:25px\" aria-hidden=\"true\" class=\"wp-block-spacer\"><\/div>\n\n\n\n<p><strong><em>Divulgazione delle informazioni personali<\/em><\/strong><\/p>\n\n\n\n<p>Tranne che nei casi descritti nella presente informativa, le informazioni personali non saranno mai divulgate.<\/p>\n\n\n\n<div style=\"height:66px\" aria-hidden=\"true\" class=\"wp-block-spacer\"><\/div>\n","protected":false},"excerpt":{"rendered":"<p>La vostra privacy \u00e8 molto importante per&nbsp;Allarga.menti&nbsp;e per tutelarvi al meglio vi forniamo queste note in cui troverete indicazioni sul tipo di informazioni raccolte online e sulle varie possibilit\u00e0 che avete di intervenire nella raccolta e nell\u2019utilizzo di tali informazioni nel sito. Si tratta di un\u2019informativa resa ai sensi dell\u2019art.13 del Regolamento UE n. 2016\/679 [&hellip;]<\/p>\n","protected":false},"author":1,"featured_media":0,"parent":0,"menu_order":0,"comment_status":"closed","ping_status":"open","template":"page-no-sidebar","meta":{"footnotes":""},"class_list":["post-3","page","type-page","status-publish","hentry"],"_links":{"self":[{"href":"https:\/\/allargamenti.thebigband.it\/index.php?rest_route=\/wp\/v2\/pages\/3","targetHints":{"allow":["GET"]}}],"collection":[{"href":"https:\/\/allargamenti.thebigband.it\/index.php?rest_route=\/wp\/v2\/pages"}],"about":[{"href":"https:\/\/allargamenti.thebigband.it\/index.php?rest_route=\/wp\/v2\/types\/page"}],"author":[{"embeddable":true,"href":"https:\/\/allargamenti.thebigband.it\/index.php?rest_route=\/wp\/v2\/users\/1"}],"replies":[{"embeddable":true,"href":"https:\/\/allargamenti.thebigband.it\/index.php?rest_route=%2Fwp%2Fv2%2Fcomments&post=3"}],"version-history":[{"count":7,"href":"https:\/\/allargamenti.thebigband.it\/index.php?rest_route=\/wp\/v2\/pages\/3\/revisions"}],"predecessor-version":[{"id":1283,"href":"https:\/\/allargamenti.thebigband.it\/index.php?rest_route=\/wp\/v2\/pages\/3\/revisions\/1283"}],"wp:attachment":[{"href":"https:\/\/allargamenti.thebigband.it\/index.php?rest_route=%2Fwp%2Fv2%2Fmedia&parent=3"}],"curies":[{"name":"wp","href":"https:\/\/api.w.org\/{rel}","templated":true}]}}